{"id":1488,"date":"2023-12-22T13:45:34","date_gmt":"2023-12-22T13:45:34","guid":{"rendered":"https:\/\/micropoll.eu\/monitoring-odpadovych-vod-neuronova-siet\/"},"modified":"2024-02-18T21:44:20","modified_gmt":"2024-02-18T21:44:20","slug":"monitoring-odpadovych-vod-neuronova-siet","status":"publish","type":"page","link":"https:\/\/micropoll.eu\/sk\/monitoring-odpadovych-vod-neuronova-siet\/","title":{"rendered":"Monitoring odpadov\u00fdch v\u00f4d \/ neur\u00f3nov\u00e1 sie\u0165"},"content":{"rendered":"<div class=\"fusion-fullwidth fullwidth-box fusion-builder-row-1 fusion-flex-container has-pattern-background has-mask-background nonhundred-percent-fullwidth non-hundred-percent-height-scrolling\" style=\"--awb-border-radius-top-left:0px;--awb-border-radius-top-right:0px;--awb-border-radius-bottom-right:0px;--awb-border-radius-bottom-left:0px;--awb-padding-top:20px;--awb-flex-wrap:wrap;\" ><div class=\"fusion-builder-row fusion-row fusion-flex-align-items-flex-start fusion-flex-content-wrap\" style=\"max-width:1216.8px;margin-left: calc(-4% \/ 2 );margin-right: calc(-4% \/ 2 );\"><div class=\"fusion-layout-column fusion_builder_column fusion-builder-column-0 fusion_builder_column_1_1 1_1 fusion-flex-column\" style=\"--awb-bg-size:cover;--awb-width-large:100%;--awb-margin-top-large:0px;--awb-spacing-right-large:1.92%;--awb-margin-bottom-large:0px;--awb-spacing-left-large:1.92%;--awb-width-medium:100%;--awb-order-medium:0;--awb-spacing-right-medium:1.92%;--awb-spacing-left-medium:1.92%;--awb-width-small:100%;--awb-order-small:0;--awb-spacing-right-small:1.92%;--awb-spacing-left-small:1.92%;\"><div class=\"fusion-column-wrapper fusion-column-has-shadow fusion-flex-justify-content-flex-start fusion-content-layout-column\"><div class=\"fusion-text fusion-text-1\"><p>Spin-off tie\u017e sk\u00fama mo\u017enosti vyu\u017eitia neur\u00f3nov\u00fdch siet\u00ed v oblasti systematick\u00e9ho monitoringu odpadov\u00fdch v\u00f4d, mo\u017enosti projektovania a riadenia \u010distiarn\u00ed odpadov\u00fdch v\u00f4d na z\u00e1klade SMART online anal\u00fdzy z\u00e1kladn\u00fdch parametrov odpadov\u00fdch v\u00f4d, vyu\u017eitie neur\u00f3nov\u00fdch siet\u00ed pri n\u00e1vrhu mikro a biosenzory a rie\u0161enia na zn\u00ed\u017eenie uhl\u00edkovej stopy. V tejto oblasti sa zaober\u00e1me aj mo\u017enos\u0165ami rozvoja bioneur\u00f3nov\u00fdch siet\u00ed a ich potenci\u00e1lnych aplik\u00e1ci\u00ed.<\/p>\n<p><a href=\"https:\/\/www.mdpi.com\/1660-4601\/19\/15\/9749\">https:\/\/www.mdpi.com\/1660-4601\/19\/15\/9749<\/a><\/p>\n<p><a href=\"https:\/\/www.nature.com\/articles\/s41598-021-98653-xhttps:\/\/www.sciencedirect.com\/science\/article\/pii\/S0043135421003651\">https:\/\/www.nature.com\/articles\/s41598-021-98653-xhttps:\/\/www.sciencedirect.com\/science\/article\/pii\/S0043135421003651<\/a><\/p>\n<p><a href=\"https:\/\/www.sciencedirect.com\/science\/article\/abs\/pii\/S0043135421001810\">https:\/\/www.sciencedirect.com\/science\/article\/abs\/pii\/S0043135421001810<\/a><\/p>\n<p><a href=\"http:\/\/www.ww-w.chemicke-listy.cz\/ojs3\/index.php\/chemicke-listy\/article\/view\/3487\/3431\">http:\/\/www.ww-w.chemicke-listy.cz\/ojs3\/index.php\/chemicke-listy\/article\/view\/3487\/3431<\/a><\/p>\n<p><a href=\"https:\/\/www.sciencedirect.com\/science\/article\/abs\/pii\/S2468584419300029\">https:\/\/www.sciencedirect.com\/science\/article\/abs\/pii\/S2468584419300029<\/a><\/p>\n<\/div><div class=\"fusion-separator fusion-full-width-sep\" style=\"align-self: center;margin-left: auto;margin-right: auto;width:100%;\"><div class=\"fusion-separator-border sep-double\" style=\"--awb-height:20px;--awb-amount:20px;border-color:var(--awb-color3);border-top-width:1px;border-bottom-width:1px;\"><\/div><\/div><div class=\"awb-gallery-wrapper awb-gallery-wrapper-1 button-span-no\" style=\"--more-btn-alignment:center;\" data-limit=\"10\" data-page=\"1\"><div style=\"margin:-5px;--awb-bordersize:0px;--awb-columns-medium:100%;--awb-columns-small:100%;\" class=\"fusion-gallery fusion-gallery-container fusion-grid-3 fusion-columns-total-3 fusion-gallery-layout-grid fusion-gallery-1\"><div style=\"padding:5px;\" class=\"fusion-grid-column fusion-gallery-column fusion-gallery-column-3 hover-type-none\"><div class=\"fusion-gallery-image\"><a href=\"https:\/\/micropoll.eu\/wp-content\/uploads\/2023\/12\/Neural-network-03.jpg\" rel=\"noreferrer\" data-rel=\"iLightbox[gallery_image_1]\" class=\"fusion-lightbox\" target=\"_self\"><img decoding=\"async\" src=\"https:\/\/micropoll.eu\/wp-content\/uploads\/2023\/12\/Neural-network-03.jpg\" data-orig-src=\"https:\/\/micropoll.eu\/wp-content\/uploads\/2023\/12\/Neural-network-03.jpg\" width=\"1170\" height=\"1159\" alt=\"\" title=\"Neural network 03\" aria-label=\"Neural network 03\" class=\"lazyload img-responsive wp-image-1151\" srcset=\"data:image\/svg+xml,%3Csvg%20xmlns%3D%27http%3A%2F%2Fwww.w3.org%2F2000%2Fsvg%27%20width%3D%271170%27%20height%3D%271159%27%20viewBox%3D%270%200%201170%201159%27%3E%3Crect%20width%3D%271170%27%20height%3D%271159%27%20fill-opacity%3D%220%22%2F%3E%3C%2Fsvg%3E\" data-srcset=\"https:\/\/micropoll.eu\/wp-content\/uploads\/2023\/12\/Neural-network-03-200x198.jpg 200w, https:\/\/micropoll.eu\/wp-content\/uploads\/2023\/12\/Neural-network-03-400x396.jpg 400w, https:\/\/micropoll.eu\/wp-content\/uploads\/2023\/12\/Neural-network-03-600x594.jpg 600w, https:\/\/micropoll.eu\/wp-content\/uploads\/2023\/12\/Neural-network-03-800x792.jpg 800w, https:\/\/micropoll.eu\/wp-content\/uploads\/2023\/12\/Neural-network-03.jpg 1170w\" data-sizes=\"auto\" data-orig-sizes=\"(min-width: 2200px) 100vw, (min-width: 864px) 387px, (min-width: 752px) 580px, (min-width: 640px) 752px, \" \/><\/a><\/div><\/div><div style=\"padding:5px;\" class=\"fusion-grid-column fusion-gallery-column fusion-gallery-column-3 hover-type-none\"><div class=\"fusion-gallery-image\"><a href=\"https:\/\/micropoll.eu\/wp-content\/uploads\/2023\/12\/Neural-network-02.jpg\" rel=\"noreferrer\" data-rel=\"iLightbox[gallery_image_1]\" class=\"fusion-lightbox\" target=\"_self\"><img decoding=\"async\" src=\"https:\/\/micropoll.eu\/wp-content\/uploads\/2023\/12\/Neural-network-02.jpg\" data-orig-src=\"https:\/\/micropoll.eu\/wp-content\/uploads\/2023\/12\/Neural-network-02.jpg\" width=\"1170\" height=\"1088\" alt=\"\" title=\"Neural network 02\" aria-label=\"Neural network 02\" class=\"lazyload img-responsive wp-image-1152\" srcset=\"data:image\/svg+xml,%3Csvg%20xmlns%3D%27http%3A%2F%2Fwww.w3.org%2F2000%2Fsvg%27%20width%3D%271170%27%20height%3D%271088%27%20viewBox%3D%270%200%201170%201088%27%3E%3Crect%20width%3D%271170%27%20height%3D%271088%27%20fill-opacity%3D%220%22%2F%3E%3C%2Fsvg%3E\" data-srcset=\"https:\/\/micropoll.eu\/wp-content\/uploads\/2023\/12\/Neural-network-02-200x186.jpg 200w, https:\/\/micropoll.eu\/wp-content\/uploads\/2023\/12\/Neural-network-02-400x372.jpg 400w, https:\/\/micropoll.eu\/wp-content\/uploads\/2023\/12\/Neural-network-02-600x558.jpg 600w, https:\/\/micropoll.eu\/wp-content\/uploads\/2023\/12\/Neural-network-02-800x744.jpg 800w, https:\/\/micropoll.eu\/wp-content\/uploads\/2023\/12\/Neural-network-02.jpg 1170w\" data-sizes=\"auto\" data-orig-sizes=\"(min-width: 2200px) 100vw, (min-width: 864px) 387px, (min-width: 752px) 580px, (min-width: 640px) 752px, \" \/><\/a><\/div><\/div><div style=\"padding:5px;\" class=\"fusion-grid-column fusion-gallery-column fusion-gallery-column-3 hover-type-none\"><div class=\"fusion-gallery-image\"><a href=\"https:\/\/micropoll.eu\/wp-content\/uploads\/2023\/12\/Neural-network-01.jpg\" rel=\"noreferrer\" data-rel=\"iLightbox[gallery_image_1]\" class=\"fusion-lightbox\" target=\"_self\"><img decoding=\"async\" src=\"https:\/\/micropoll.eu\/wp-content\/uploads\/2023\/12\/Neural-network-01.jpg\" data-orig-src=\"https:\/\/micropoll.eu\/wp-content\/uploads\/2023\/12\/Neural-network-01.jpg\" width=\"867\" height=\"1094\" alt=\"\" title=\"Neural network 01\" aria-label=\"Neural network 01\" class=\"lazyload img-responsive wp-image-1153\" srcset=\"data:image\/svg+xml,%3Csvg%20xmlns%3D%27http%3A%2F%2Fwww.w3.org%2F2000%2Fsvg%27%20width%3D%27867%27%20height%3D%271094%27%20viewBox%3D%270%200%20867%201094%27%3E%3Crect%20width%3D%27867%27%20height%3D%271094%27%20fill-opacity%3D%220%22%2F%3E%3C%2Fsvg%3E\" data-srcset=\"https:\/\/micropoll.eu\/wp-content\/uploads\/2023\/12\/Neural-network-01-200x252.jpg 200w, https:\/\/micropoll.eu\/wp-content\/uploads\/2023\/12\/Neural-network-01-400x505.jpg 400w, https:\/\/micropoll.eu\/wp-content\/uploads\/2023\/12\/Neural-network-01-600x757.jpg 600w, https:\/\/micropoll.eu\/wp-content\/uploads\/2023\/12\/Neural-network-01-800x1009.jpg 800w, https:\/\/micropoll.eu\/wp-content\/uploads\/2023\/12\/Neural-network-01.jpg 867w\" data-sizes=\"auto\" data-orig-sizes=\"(min-width: 2200px) 100vw, (min-width: 864px) 387px, (min-width: 752px) 580px, (min-width: 640px) 752px, \" \/><\/a><\/div><\/div><div class=\"clearfix\"><\/div><\/div><\/div><div class=\"fusion-video fusion-selfhosted-video\" style=\"max-width:100%;\"><div class=\"video-wrapper\"><video playsinline=\"true\" width=\"100%\" style=\"object-fit: cover;\" preload=\"auto\" controls=\"1\"><source src=\"http:\/\/micropoll.eu\/wp-content\/uploads\/2024\/02\/Monitoring-odpadovych-vod-a-neuronova-siet.mp4\" type=\"video\/mp4\">Sorry, your browser doesn&#039;t support embedded videos.<\/video><\/div><\/div><\/div><\/div><\/div><\/div>\n","protected":false},"excerpt":{"rendered":"","protected":false},"author":1,"featured_media":0,"parent":0,"menu_order":0,"comment_status":"closed","ping_status":"closed","template":"","meta":{"footnotes":""},"class_list":["post-1488","page","type-page","status-publish","hentry"],"_links":{"self":[{"href":"https:\/\/micropoll.eu\/sk\/wp-json\/wp\/v2\/pages\/1488","targetHints":{"allow":["GET"]}}],"collection":[{"href":"https:\/\/micropoll.eu\/sk\/wp-json\/wp\/v2\/pages"}],"about":[{"href":"https:\/\/micropoll.eu\/sk\/wp-json\/wp\/v2\/types\/page"}],"author":[{"embeddable":true,"href":"https:\/\/micropoll.eu\/sk\/wp-json\/wp\/v2\/users\/1"}],"replies":[{"embeddable":true,"href":"https:\/\/micropoll.eu\/sk\/wp-json\/wp\/v2\/comments?post=1488"}],"version-history":[{"count":4,"href":"https:\/\/micropoll.eu\/sk\/wp-json\/wp\/v2\/pages\/1488\/revisions"}],"predecessor-version":[{"id":1529,"href":"https:\/\/micropoll.eu\/sk\/wp-json\/wp\/v2\/pages\/1488\/revisions\/1529"}],"wp:attachment":[{"href":"https:\/\/micropoll.eu\/sk\/wp-json\/wp\/v2\/media?parent=1488"}],"curies":[{"name":"wp","href":"https:\/\/api.w.org\/{rel}","templated":true}]}}