{"id":1481,"date":"2023-12-22T12:36:31","date_gmt":"2023-12-22T12:36:31","guid":{"rendered":"https:\/\/micropoll.eu\/odber-vzoriek-z-vod\/"},"modified":"2024-02-18T21:49:48","modified_gmt":"2024-02-18T21:49:48","slug":"odber-vzoriek-z-vod","status":"publish","type":"page","link":"https:\/\/micropoll.eu\/sk\/odber-vzoriek-z-vod\/","title":{"rendered":"Odber vzoriek z v\u00f4d"},"content":{"rendered":"<div class=\"fusion-fullwidth fullwidth-box fusion-builder-row-1 fusion-flex-container nonhundred-percent-fullwidth non-hundred-percent-height-scrolling\" style=\"--awb-border-radius-top-left:0px;--awb-border-radius-top-right:0px;--awb-border-radius-bottom-right:0px;--awb-border-radius-bottom-left:0px;--awb-padding-top:100px;--awb-padding-bottom:100px;--awb-background-color:var(--awb-color2);--awb-flex-wrap:wrap;\" ><div class=\"fusion-builder-row fusion-row fusion-flex-align-items-flex-start fusion-flex-justify-content-center fusion-flex-content-wrap\" style=\"max-width:1216.8px;margin-left: calc(-4% \/ 2 );margin-right: calc(-4% \/ 2 );\"><div class=\"fusion-layout-column fusion_builder_column fusion-builder-column-0 fusion_builder_column_1_1 1_1 fusion-flex-column\" style=\"--awb-bg-blend:overlay;--awb-bg-size:cover;--awb-width-large:100%;--awb-margin-top-large:0px;--awb-spacing-right-large:1.92%;--awb-margin-bottom-large:0px;--awb-spacing-left-large:1.92%;--awb-width-medium:100%;--awb-spacing-right-medium:1.92%;--awb-spacing-left-medium:1.92%;--awb-width-small:100%;--awb-spacing-right-small:1.92%;--awb-spacing-left-small:1.92%;\"><div class=\"fusion-column-wrapper fusion-flex-justify-content-flex-start fusion-content-layout-column\"><div class=\"fusion-text fusion-text-1\"><p>V na\u0161ich podmienk\u00e1ch dok\u00e1\u017eeme systematicky monitorova\u0165 r\u00f4zne skupiny patog\u00e9nov, g\u00e9ny rezistencie, mikropolutanty (lieky, lie\u010div\u00e1, pestic\u00eddy a ich metabolity \u010di produkty rozkladu), horm\u00f3ny, mikro a nanoplasty v r\u00f4znych zlo\u017ek\u00e1ch \u017eivotn\u00e9ho prostredia.<\/p>\n<p><a href=\"https:\/\/waterquality.danube-region.eu\/wp-content\/uploads\/sites\/13\/sites\/13\/2020\/03\/Pharma-Report_Annex_FINAL.pdf\">https:\/\/waterquality.danube-region.eu\/wp-content\/uploads\/sites\/13\/sites\/13\/2020\/03\/Pharma-Report_Annex_FINAL.pdf<\/a><\/p>\n<p><a href=\"https:\/\/www.infodrogy.sk\/novinka\/4880https:\/\/www.emcdda.europa.eu\/publications\/html\/pods\/waste-water-analysis_en\">https:\/\/www.infodrogy.sk\/novinka\/4880https:\/\/www.emcdda.europa.eu\/publications\/html\/pods\/waste-water-analysis_en<\/a><\/p>\n<\/div><div class=\"fusion-separator fusion-full-width-sep\" style=\"align-self: center;margin-left: auto;margin-right: auto;width:100%;\"><div class=\"fusion-separator-border sep-double\" style=\"--awb-height:20px;--awb-amount:20px;border-color:var(--awb-color3);border-top-width:1px;border-bottom-width:1px;\"><\/div><\/div><div class=\"awb-gallery-wrapper awb-gallery-wrapper-1 button-span-no\" style=\"--more-btn-alignment:center;\" data-limit=\"10\" data-page=\"1\"><div style=\"margin:-5px;--awb-bordersize:0px;--awb-columns-medium:100%;--awb-columns-small:100%;\" class=\"fusion-gallery fusion-gallery-container fusion-grid-3 fusion-columns-total-9 fusion-gallery-layout-grid fusion-gallery-1\"><div style=\"padding:5px;\" class=\"fusion-grid-column fusion-gallery-column fusion-gallery-column-3 hover-type-none\"><div class=\"fusion-gallery-image\"><a href=\"https:\/\/micropoll.eu\/wp-content\/uploads\/2023\/12\/Odber-vzoriek-07-scaled.jpg\" rel=\"noreferrer\" data-rel=\"iLightbox[gallery_image_1]\" class=\"fusion-lightbox\" target=\"_self\"><img decoding=\"async\" src=\"https:\/\/micropoll.eu\/wp-content\/uploads\/2023\/12\/Odber-vzoriek-07-460x295.jpg\" width=\"460\" height=\"295\" alt=\"\" title=\"Odber vzoriek 07\" aria-label=\"Odber vzoriek 07\" class=\"img-responsive wp-image-1082 fusion-gallery-image-size-fixed\"  \/><\/a><\/div><\/div><div style=\"padding:5px;\" class=\"fusion-grid-column fusion-gallery-column fusion-gallery-column-3 hover-type-none\"><div class=\"fusion-gallery-image\"><a href=\"https:\/\/micropoll.eu\/wp-content\/uploads\/2023\/12\/Odber-vzoriek-06-scaled.jpg\" rel=\"noreferrer\" data-rel=\"iLightbox[gallery_image_1]\" class=\"fusion-lightbox\" target=\"_self\"><img decoding=\"async\" src=\"https:\/\/micropoll.eu\/wp-content\/uploads\/2023\/12\/Odber-vzoriek-06-460x295.jpg\" width=\"460\" height=\"295\" alt=\"\" title=\"Odber vzoriek 06\" aria-label=\"Odber vzoriek 06\" class=\"img-responsive wp-image-1081 fusion-gallery-image-size-fixed\"  \/><\/a><\/div><\/div><div style=\"padding:5px;\" class=\"fusion-grid-column fusion-gallery-column fusion-gallery-column-3 hover-type-none\"><div class=\"fusion-gallery-image\"><a href=\"https:\/\/micropoll.eu\/wp-content\/uploads\/2023\/12\/Odber-vzoriek-05-scaled.jpg\" rel=\"noreferrer\" data-rel=\"iLightbox[gallery_image_1]\" class=\"fusion-lightbox\" target=\"_self\"><img decoding=\"async\" src=\"https:\/\/micropoll.eu\/wp-content\/uploads\/2023\/12\/Odber-vzoriek-05-460x295.jpg\" width=\"460\" height=\"295\" alt=\"\" title=\"Odber vzoriek 05\" aria-label=\"Odber vzoriek 05\" class=\"img-responsive wp-image-1080 fusion-gallery-image-size-fixed\"  \/><\/a><\/div><\/div><div class=\"clearfix\"><\/div><div style=\"padding:5px;\" class=\"fusion-grid-column fusion-gallery-column fusion-gallery-column-3 hover-type-none\"><div class=\"fusion-gallery-image\"><a href=\"https:\/\/micropoll.eu\/wp-content\/uploads\/2023\/12\/Odber-vzoriek-04-scaled.jpg\" rel=\"noreferrer\" data-rel=\"iLightbox[gallery_image_1]\" class=\"fusion-lightbox\" target=\"_self\"><img decoding=\"async\" src=\"https:\/\/micropoll.eu\/wp-content\/uploads\/2023\/12\/Odber-vzoriek-04-460x295.jpg\" width=\"460\" height=\"295\" alt=\"\" title=\"Odber vzoriek 04\" aria-label=\"Odber vzoriek 04\" class=\"img-responsive wp-image-1079 fusion-gallery-image-size-fixed\"  \/><\/a><\/div><\/div><div style=\"padding:5px;\" class=\"fusion-grid-column fusion-gallery-column fusion-gallery-column-3 hover-type-none\"><div class=\"fusion-gallery-image\"><a href=\"https:\/\/micropoll.eu\/wp-content\/uploads\/2023\/12\/Odber-vzoriek-03-scaled.jpg\" rel=\"noreferrer\" data-rel=\"iLightbox[gallery_image_1]\" class=\"fusion-lightbox\" target=\"_self\"><img decoding=\"async\" src=\"https:\/\/micropoll.eu\/wp-content\/uploads\/2023\/12\/Odber-vzoriek-03-460x295.jpg\" width=\"460\" height=\"295\" alt=\"\" title=\"Odber vzoriek 03\" aria-label=\"Odber vzoriek 03\" class=\"img-responsive wp-image-1078 fusion-gallery-image-size-fixed\"  \/><\/a><\/div><\/div><div style=\"padding:5px;\" class=\"fusion-grid-column fusion-gallery-column fusion-gallery-column-3 hover-type-none\"><div class=\"fusion-gallery-image\"><a href=\"https:\/\/micropoll.eu\/wp-content\/uploads\/2023\/12\/Odber-vzoriek-01-scaled.jpg\" rel=\"noreferrer\" data-rel=\"iLightbox[gallery_image_1]\" class=\"fusion-lightbox\" target=\"_self\"><img decoding=\"async\" src=\"https:\/\/micropoll.eu\/wp-content\/uploads\/2023\/12\/Odber-vzoriek-01-460x295.jpg\" width=\"460\" height=\"295\" alt=\"\" title=\"Odber vzoriek 01\" aria-label=\"Odber vzoriek 01\" class=\"img-responsive wp-image-1077 fusion-gallery-image-size-fixed\"  \/><\/a><\/div><\/div><div class=\"clearfix\"><\/div><div style=\"padding:5px;\" class=\"fusion-grid-column fusion-gallery-column fusion-gallery-column-3 hover-type-none\"><div class=\"fusion-gallery-image\"><a href=\"https:\/\/micropoll.eu\/wp-content\/uploads\/2023\/12\/Odber-vzoriek-02-scaled.jpg\" rel=\"noreferrer\" data-rel=\"iLightbox[gallery_image_1]\" class=\"fusion-lightbox\" target=\"_self\"><img decoding=\"async\" src=\"https:\/\/micropoll.eu\/wp-content\/uploads\/2023\/12\/Odber-vzoriek-02-460x295.jpg\" width=\"460\" height=\"295\" alt=\"\" title=\"Odber vzoriek 02\" aria-label=\"Odber vzoriek 02\" class=\"img-responsive wp-image-1076 fusion-gallery-image-size-fixed\"  \/><\/a><\/div><\/div><div style=\"padding:5px;\" class=\"fusion-grid-column fusion-gallery-column fusion-gallery-column-3 hover-type-none\"><div class=\"fusion-gallery-image\"><a href=\"https:\/\/micropoll.eu\/wp-content\/uploads\/2023\/12\/Reportaze-01-scaled.jpg\" rel=\"noreferrer\" data-rel=\"iLightbox[gallery_image_1]\" class=\"fusion-lightbox\" target=\"_self\"><img decoding=\"async\" src=\"https:\/\/micropoll.eu\/wp-content\/uploads\/2023\/12\/Reportaze-01-460x295.jpg\" width=\"460\" height=\"295\" alt=\"\" title=\"Reportaze 01\" aria-label=\"Reportaze 01\" class=\"img-responsive wp-image-1102 fusion-gallery-image-size-fixed\"  \/><\/a><\/div><\/div><div style=\"padding:5px;\" class=\"fusion-grid-column fusion-gallery-column fusion-gallery-column-3 hover-type-none\"><div class=\"fusion-gallery-image\"><a href=\"https:\/\/micropoll.eu\/wp-content\/uploads\/2023\/12\/Reportaze-04-scaled.jpg\" rel=\"noreferrer\" data-rel=\"iLightbox[gallery_image_1]\" class=\"fusion-lightbox\" target=\"_self\"><img decoding=\"async\" src=\"https:\/\/micropoll.eu\/wp-content\/uploads\/2023\/12\/Reportaze-04-460x295.jpg\" width=\"460\" height=\"295\" alt=\"\" title=\"Reportaze 04\" aria-label=\"Reportaze 04\" class=\"img-responsive wp-image-1106 fusion-gallery-image-size-fixed\"  \/><\/a><\/div><\/div><div class=\"clearfix\"><\/div><\/div><\/div><div class=\"fusion-separator fusion-full-width-sep\" style=\"align-self: center;margin-left: auto;margin-right: auto;width:100%;\"><div class=\"fusion-separator-border sep-double\" style=\"--awb-height:20px;--awb-amount:20px;border-color:var(--awb-color3);border-top-width:1px;border-bottom-width:1px;\"><\/div><\/div><div class=\"fusion-video fusion-selfhosted-video\" style=\"max-width:100%;\"><div class=\"video-wrapper\"><video playsinline=\"true\" width=\"100%\" style=\"object-fit: cover;\" preload=\"auto\" controls=\"1\"><source src=\"http:\/\/micropoll.eu\/wp-content\/uploads\/2023\/12\/Video-odber-vzoriek.mov\" type=\"video\/mp4\">Sorry, your browser doesn&#039;t support embedded videos.<\/video><\/div><\/div><div class=\"fusion-video fusion-selfhosted-video\" style=\"max-width:100%;\"><div class=\"video-wrapper\"><video playsinline=\"true\" width=\"100%\" style=\"object-fit: cover;\" preload=\"auto\" controls=\"1\"><source src=\"http:\/\/micropoll.eu\/wp-content\/uploads\/2023\/12\/Monitoring-prostredia.mp4\" type=\"video\/mp4\">Sorry, your browser doesn&#039;t support embedded videos.<\/video><\/div><\/div><\/div><\/div><\/div><\/div>\n","protected":false},"excerpt":{"rendered":"","protected":false},"author":1,"featured_media":0,"parent":0,"menu_order":0,"comment_status":"closed","ping_status":"closed","template":"100-width.php","meta":{"footnotes":""},"class_list":["post-1481","page","type-page","status-publish","hentry"],"_links":{"self":[{"href":"https:\/\/micropoll.eu\/sk\/wp-json\/wp\/v2\/pages\/1481","targetHints":{"allow":["GET"]}}],"collection":[{"href":"https:\/\/micropoll.eu\/sk\/wp-json\/wp\/v2\/pages"}],"about":[{"href":"https:\/\/micropoll.eu\/sk\/wp-json\/wp\/v2\/types\/page"}],"author":[{"embeddable":true,"href":"https:\/\/micropoll.eu\/sk\/wp-json\/wp\/v2\/users\/1"}],"replies":[{"embeddable":true,"href":"https:\/\/micropoll.eu\/sk\/wp-json\/wp\/v2\/comments?post=1481"}],"version-history":[{"count":3,"href":"https:\/\/micropoll.eu\/sk\/wp-json\/wp\/v2\/pages\/1481\/revisions"}],"predecessor-version":[{"id":1531,"href":"https:\/\/micropoll.eu\/sk\/wp-json\/wp\/v2\/pages\/1481\/revisions\/1531"}],"wp:attachment":[{"href":"https:\/\/micropoll.eu\/sk\/wp-json\/wp\/v2\/media?parent=1481"}],"curies":[{"name":"wp","href":"https:\/\/api.w.org\/{rel}","templated":true}]}}