{"id":1475,"date":"2016-11-01T15:40:04","date_gmt":"2016-11-01T15:40:04","guid":{"rendered":"https:\/\/micropoll.eu\/monitoring-analyza\/"},"modified":"2024-02-18T21:43:47","modified_gmt":"2024-02-18T21:43:47","slug":"monitoring-analyza","status":"publish","type":"page","link":"https:\/\/micropoll.eu\/sk\/monitoring-analyza\/","title":{"rendered":"Monitoring a anal\u00fdza"},"content":{"rendered":"<div class=\"fusion-fullwidth fullwidth-box fusion-builder-row-1 fusion-flex-container nonhundred-percent-fullwidth non-hundred-percent-height-scrolling\" style=\"--awb-border-radius-top-left:0px;--awb-border-radius-top-right:0px;--awb-border-radius-bottom-right:0px;--awb-border-radius-bottom-left:0px;--awb-padding-top:100px;--awb-padding-bottom:100px;--awb-background-color:var(--awb-color2);--awb-flex-wrap:wrap;\" ><div class=\"fusion-builder-row fusion-row fusion-flex-align-items-flex-start fusion-flex-justify-content-center fusion-flex-content-wrap\" style=\"max-width:1216.8px;margin-left: calc(-4% \/ 2 );margin-right: calc(-4% \/ 2 );\"><div class=\"fusion-layout-column fusion_builder_column fusion-builder-column-0 fusion_builder_column_1_1 1_1 fusion-flex-column\" style=\"--awb-bg-blend:overlay;--awb-bg-size:cover;--awb-width-large:100%;--awb-margin-top-large:0px;--awb-spacing-right-large:1.92%;--awb-margin-bottom-large:2%;--awb-spacing-left-large:1.92%;--awb-width-medium:100%;--awb-spacing-right-medium:1.92%;--awb-spacing-left-medium:1.92%;--awb-width-small:100%;--awb-spacing-right-small:1.92%;--awb-spacing-left-small:1.92%;\"><div class=\"fusion-column-wrapper fusion-flex-justify-content-flex-start fusion-content-layout-column\"><div class=\"fusion-text fusion-text-1\"><p style=\"text-align: left;\"><span lang=\"EN-US\">Spolo\u010dnos\u0165 MicroPoll s.r.o. sa zameriava na problematiku t\u00fdkaj\u00facu sa najm\u00e4 sledovania, spr\u00e1vania a vplyvu (najm\u00e4 toxicity) mikroplastov a mikropolutantov (horm\u00f3nov, lie\u010div, lie\u010div, pestic\u00eddov a ich metabolitov \u010di produktov rozkladu) na r\u00f4zne zlo\u017eky \u017eivotn\u00e9ho prostredia. <\/span>Okrem toho m\u00f4\u017eeme analyzova\u0165 aj v\u00fdskyt patog\u00e9nov (vr\u00e1tane v\u00edrusov) a g\u00e9nov rezistencie. V pr\u00edlohe n\u00e1jdete zoznam sledovan\u00fdch zlo\u017eiek mikropolutantov, mikroplastov a patog\u00e9nov.<\/p>\n<\/div><\/div><\/div><div class=\"fusion-layout-column fusion_builder_column fusion-builder-column-1 fusion_builder_column_1_1 1_1 fusion-flex-column\" style=\"--awb-bg-blend:overlay;--awb-bg-size:cover;--awb-width-large:100%;--awb-margin-top-large:0px;--awb-spacing-right-large:1.92%;--awb-margin-bottom-large:0px;--awb-spacing-left-large:1.92%;--awb-width-medium:100%;--awb-spacing-right-medium:1.92%;--awb-spacing-left-medium:1.92%;--awb-width-small:100%;--awb-spacing-right-small:1.92%;--awb-spacing-left-small:1.92%;\"><div class=\"fusion-column-wrapper fusion-flex-justify-content-flex-start fusion-content-layout-column\"><div class=\"awb-gallery-wrapper awb-gallery-wrapper-1 button-span-no\" style=\"--more-btn-alignment:center;\" data-limit=\"10\" data-page=\"1\"><div style=\"margin:-5px;--awb-bordersize:0px;--awb-columns-medium:100%;--awb-columns-small:100%;\" class=\"fusion-gallery fusion-gallery-container fusion-grid-3 fusion-columns-total-6 fusion-gallery-layout-grid fusion-gallery-1\"><div style=\"padding:5px;\" class=\"fusion-grid-column fusion-gallery-column fusion-gallery-column-3 hover-type-none\"><div class=\"fusion-gallery-image\"><a href=\"https:\/\/micropoll.eu\/wp-content\/uploads\/2023\/09\/cq5dam.thumbnail.450.450.png\" rel=\"noreferrer\" data-rel=\"iLightbox[gallery_image_1]\" class=\"fusion-lightbox\" target=\"_self\"><img decoding=\"async\" src=\"https:\/\/micropoll.eu\/wp-content\/uploads\/2023\/09\/cq5dam.thumbnail.450.450-450x295.png\" width=\"450\" height=\"295\" alt=\"\" title=\"cq5dam.thumbnail.450.450\" aria-label=\"cq5dam.thumbnail.450.450\" class=\"img-responsive wp-image-796 fusion-gallery-image-size-fixed\"  \/><\/a><\/div><\/div><div style=\"padding:5px;\" class=\"fusion-grid-column fusion-gallery-column fusion-gallery-column-3 hover-type-none\"><div class=\"fusion-gallery-image\"><a href=\"https:\/\/micropoll.eu\/wp-content\/uploads\/2023\/09\/Screenshot-2023-09-11-113233.png\" rel=\"noreferrer\" data-rel=\"iLightbox[gallery_image_1]\" class=\"fusion-lightbox\" target=\"_self\"><img decoding=\"async\" src=\"https:\/\/micropoll.eu\/wp-content\/uploads\/2023\/09\/Screenshot-2023-09-11-113233-460x295.png\" width=\"460\" height=\"295\" alt=\"\" title=\"Screenshot 2023-09-11 113233\" aria-label=\"Screenshot 2023-09-11 113233\" class=\"img-responsive wp-image-795 fusion-gallery-image-size-fixed\"  \/><\/a><\/div><\/div><div style=\"padding:5px;\" class=\"fusion-grid-column fusion-gallery-column fusion-gallery-column-3 hover-type-none\"><div class=\"fusion-gallery-image\"><a href=\"https:\/\/micropoll.eu\/wp-content\/uploads\/2023\/09\/Q-tower1.jpg\" rel=\"noreferrer\" data-rel=\"iLightbox[gallery_image_1]\" class=\"fusion-lightbox\" target=\"_self\"><img decoding=\"async\" src=\"https:\/\/micropoll.eu\/wp-content\/uploads\/2023\/09\/Q-tower1-460x295.jpg\" width=\"460\" height=\"295\" alt=\"\" title=\"Q-tower1\" aria-label=\"Q-tower1\" class=\"img-responsive wp-image-794 fusion-gallery-image-size-fixed\"  \/><\/a><\/div><\/div><div class=\"clearfix\"><\/div><div style=\"padding:5px;\" class=\"fusion-grid-column fusion-gallery-column fusion-gallery-column-3 hover-type-none\"><div class=\"fusion-gallery-image\"><a href=\"https:\/\/micropoll.eu\/wp-content\/uploads\/2023\/09\/minion-product3.jpg\" rel=\"noreferrer\" data-rel=\"iLightbox[gallery_image_1]\" class=\"fusion-lightbox\" target=\"_self\"><img decoding=\"async\" src=\"https:\/\/micropoll.eu\/wp-content\/uploads\/2023\/09\/minion-product3-460x295.jpg\" width=\"460\" height=\"295\" alt=\"\" title=\"minion-product3\" aria-label=\"minion-product3\" class=\"img-responsive wp-image-793 fusion-gallery-image-size-fixed\"  \/><\/a><\/div><\/div><div style=\"padding:5px;\" class=\"fusion-grid-column fusion-gallery-column fusion-gallery-column-3 hover-type-none\"><div class=\"fusion-gallery-image\"><a href=\"https:\/\/micropoll.eu\/wp-content\/uploads\/2023\/12\/Pristroje-02.jpg\" rel=\"noreferrer\" data-rel=\"iLightbox[gallery_image_1]\" class=\"fusion-lightbox\" target=\"_self\"><img decoding=\"async\" src=\"https:\/\/micropoll.eu\/wp-content\/uploads\/2023\/12\/Pristroje-02-460x295.jpg\" width=\"460\" height=\"295\" alt=\"\" title=\"Pristroje 02\" aria-label=\"Pristroje 02\" class=\"img-responsive wp-image-1134 fusion-gallery-image-size-fixed\"  \/><\/a><\/div><\/div><div style=\"padding:5px;\" class=\"fusion-grid-column fusion-gallery-column fusion-gallery-column-3 hover-type-none\"><div class=\"fusion-gallery-image\"><a href=\"https:\/\/micropoll.eu\/wp-content\/uploads\/2023\/12\/Pristroje-01-scaled.jpg\" rel=\"noreferrer\" data-rel=\"iLightbox[gallery_image_1]\" class=\"fusion-lightbox\" target=\"_self\"><img decoding=\"async\" src=\"https:\/\/micropoll.eu\/wp-content\/uploads\/2023\/12\/Pristroje-01-460x295.jpg\" width=\"460\" height=\"295\" alt=\"\" title=\"Pristroje 01\" aria-label=\"Pristroje 01\" class=\"img-responsive wp-image-1135 fusion-gallery-image-size-fixed\"  \/><\/a><\/div><\/div><div class=\"clearfix\"><\/div><\/div><\/div><div class=\"fusion-separator fusion-full-width-sep\" style=\"align-self: center;margin-left: auto;margin-right: auto;width:100%;\"><div class=\"fusion-separator-border sep-double\" style=\"--awb-height:20px;--awb-amount:20px;border-color:var(--awb-color3);border-top-width:1px;border-bottom-width:1px;\"><\/div><\/div><div class=\"fusion-video fusion-selfhosted-video\" style=\"max-width:100%;\"><div class=\"video-wrapper\"><video playsinline=\"true\" width=\"100%\" style=\"object-fit: cover;\" preload=\"auto\" controls=\"1\"><source src=\"http:\/\/micropoll.eu\/wp-content\/uploads\/2023\/12\/Video-odber-vzoriek.mov\" type=\"video\/mp4\">Sorry, your browser doesn&#039;t support embedded videos.<\/video><\/div><\/div><\/div><\/div><\/div><\/div>\n","protected":false},"excerpt":{"rendered":"","protected":false},"author":1,"featured_media":0,"parent":0,"menu_order":0,"comment_status":"closed","ping_status":"closed","template":"100-width.php","meta":{"footnotes":""},"class_list":["post-1475","page","type-page","status-publish","hentry"],"_links":{"self":[{"href":"https:\/\/micropoll.eu\/sk\/wp-json\/wp\/v2\/pages\/1475","targetHints":{"allow":["GET"]}}],"collection":[{"href":"https:\/\/micropoll.eu\/sk\/wp-json\/wp\/v2\/pages"}],"about":[{"href":"https:\/\/micropoll.eu\/sk\/wp-json\/wp\/v2\/types\/page"}],"author":[{"embeddable":true,"href":"https:\/\/micropoll.eu\/sk\/wp-json\/wp\/v2\/users\/1"}],"replies":[{"embeddable":true,"href":"https:\/\/micropoll.eu\/sk\/wp-json\/wp\/v2\/comments?post=1475"}],"version-history":[{"count":4,"href":"https:\/\/micropoll.eu\/sk\/wp-json\/wp\/v2\/pages\/1475\/revisions"}],"predecessor-version":[{"id":1528,"href":"https:\/\/micropoll.eu\/sk\/wp-json\/wp\/v2\/pages\/1475\/revisions\/1528"}],"wp:attachment":[{"href":"https:\/\/micropoll.eu\/sk\/wp-json\/wp\/v2\/media?parent=1475"}],"curies":[{"name":"wp","href":"https:\/\/api.w.org\/{rel}","templated":true}]}}