{"id":1462,"date":"2023-12-22T14:10:57","date_gmt":"2023-12-22T14:10:57","guid":{"rendered":"http:\/\/micropoll.eu\/dekontaminacia-dezinfekcia\/"},"modified":"2024-02-18T21:42:35","modified_gmt":"2024-02-18T21:42:35","slug":"dekontaminacia-dezinfekcia","status":"publish","type":"page","link":"https:\/\/micropoll.eu\/sk\/dekontaminacia-dezinfekcia\/","title":{"rendered":"Dekontamin\u00e1cia &amp; Dezinfekcia"},"content":{"rendered":"<div class=\"fusion-fullwidth fullwidth-box fusion-builder-row-1 fusion-flex-container has-pattern-background has-mask-background nonhundred-percent-fullwidth non-hundred-percent-height-scrolling\" style=\"--awb-border-radius-top-left:0px;--awb-border-radius-top-right:0px;--awb-border-radius-bottom-right:0px;--awb-border-radius-bottom-left:0px;--awb-padding-top:20px;--awb-flex-wrap:wrap;\" ><div class=\"fusion-builder-row fusion-row fusion-flex-align-items-flex-start fusion-flex-content-wrap\" style=\"max-width:1216.8px;margin-left: calc(-4% \/ 2 );margin-right: calc(-4% \/ 2 );\"><div class=\"fusion-layout-column fusion_builder_column fusion-builder-column-0 fusion_builder_column_1_1 1_1 fusion-flex-column\" style=\"--awb-bg-size:cover;--awb-width-large:100%;--awb-margin-top-large:0px;--awb-spacing-right-large:1.92%;--awb-margin-bottom-large:0px;--awb-spacing-left-large:1.92%;--awb-width-medium:100%;--awb-order-medium:0;--awb-spacing-right-medium:1.92%;--awb-spacing-left-medium:1.92%;--awb-width-small:100%;--awb-order-small:0;--awb-spacing-right-small:1.92%;--awb-spacing-left-small:1.92%;\"><div class=\"fusion-column-wrapper fusion-column-has-shadow fusion-flex-justify-content-flex-start fusion-content-layout-column\"><div class=\"fusion-text fusion-text-1\"><p>V oblasti dekontamin\u00e1cie a dezinfekcie sa na\u0161a spolo\u010dnos\u0165 venuje v\u00fdvoju nov\u00fdch technol\u00f3gi\u00ed a procesov schopn\u00fdch nahradi\u0165 zau\u017e\u00edvan\u00e9, ale \u010dasto nevyhovuj\u00face met\u00f3dy (napr. aplik\u00e1cia chl\u00f3rovan\u00fdch zl\u00fa\u010den\u00edn). Preto sa zameriavame na v\u00fdvoj zelen\u00fdch oxida\u010dn\u00fdch \u010dinidiel (napr. fer\u00e1ty), modifikovan\u00fdch nanovl\u00e1kien a nanomateri\u00e1lov schopn\u00fdch degradova\u0165 chemick\u00e9 kontaminanty (bojov\u00e9 chemick\u00e9 l\u00e1tky, PCB, horm\u00f3ny, lie\u010div\u00e1, pestic\u00eddy at\u010f.) a s\u00fa\u010dasne odstra\u0148ova\u0165 r\u00f4zne skupiny patog\u00e9nov. (bakt\u00e9rie, v\u00edrusy, sp\u00f3ry). Tieto procesy m\u00f4\u017eu by\u0165 tie\u017e pou\u017eit\u00e9 v oblasti celoplo\u0161nej dekontamin\u00e1cie a v po\u013enohospod\u00e1rstve na kontrolu \u0161kodcov (napr. plesn\u00ed a h\u00fab).<\/p>\n<p><a href=\"https:\/\/www.mdpi.com\/2076-0817\/11\/4\/450\">https:\/\/www.mdpi.com\/2076-0817\/11\/4\/450<\/a><\/p>\n<p><a href=\"https:\/\/www.mdpi.com\/1660-4601\/19\/1\/281\">https:\/\/www.mdpi.com\/1660-4601\/19\/1\/281<\/a><\/p>\n<p><a href=\"https:\/\/www.sciencedirect.com\/science\/article\/pii\/S221471442100310X\">https:\/\/www.sciencedirect.com\/science\/article\/pii\/S221471442100310X<\/a><\/p>\n<p><a href=\"https:\/\/www.mdpi.com\/2079-6382\/10\/9\/1070\">https:\/\/www.mdpi.com\/2079-6382\/10\/9\/1070<\/a><\/p>\n<p><a href=\"https:\/\/www.sciencedirect.com\/science\/article\/abs\/pii\/S2213343721007235\">https:\/\/www.sciencedirect.com\/science\/article\/abs\/pii\/S2213343721007235<\/a><\/p>\n<p><a href=\"http:\/\/ww-w.chemicke-listy.cz\/ojs3\/index.php\/chemicke-listy\/article\/view\/3691\/3624\">http:\/\/ww-w.chemicke-listy.cz\/ojs3\/index.php\/chemicke-listy\/article\/view\/3691\/3624<\/a><\/p>\n<p><a href=\"https:\/\/link.springer.com\/article\/10.1007\/s11356-019-06290-9\">https:\/\/link.springer.com\/article\/10.1007\/s11356-019-06290-9<\/a><\/p>\n<\/div><div class=\"fusion-separator fusion-full-width-sep\" style=\"align-self: center;margin-left: auto;margin-right: auto;width:100%;\"><\/div><div class=\"awb-gallery-wrapper awb-gallery-wrapper-1 button-span-no\" style=\"--more-btn-alignment:center;\" data-limit=\"10\" data-page=\"1\"><div style=\"margin:-5px;--awb-bordersize:0px;--awb-columns-medium:100%;--awb-columns-small:100%;\" class=\"fusion-gallery fusion-gallery-container fusion-grid-3 fusion-columns-total-2 fusion-gallery-layout-grid fusion-gallery-1\"><div style=\"padding:5px;\" class=\"fusion-grid-column fusion-gallery-column fusion-gallery-column-3 hover-type-none\"><div class=\"fusion-gallery-image\"><a href=\"https:\/\/micropoll.eu\/wp-content\/uploads\/2023\/12\/Decontamination-02.jpg\" rel=\"noreferrer\" data-rel=\"iLightbox[gallery_image_1]\" class=\"fusion-lightbox\" target=\"_self\"><img decoding=\"async\" src=\"https:\/\/micropoll.eu\/wp-content\/uploads\/2023\/12\/Decontamination-02.jpg\" data-orig-src=\"https:\/\/micropoll.eu\/wp-content\/uploads\/2023\/12\/Decontamination-02.jpg\" width=\"1170\" height=\"1148\" alt=\"\" title=\"Decontamination 02\" aria-label=\"Decontamination 02\" class=\"lazyload img-responsive wp-image-1171\" srcset=\"data:image\/svg+xml,%3Csvg%20xmlns%3D%27http%3A%2F%2Fwww.w3.org%2F2000%2Fsvg%27%20width%3D%271170%27%20height%3D%271148%27%20viewBox%3D%270%200%201170%201148%27%3E%3Crect%20width%3D%271170%27%20height%3D%271148%27%20fill-opacity%3D%220%22%2F%3E%3C%2Fsvg%3E\" data-srcset=\"https:\/\/micropoll.eu\/wp-content\/uploads\/2023\/12\/Decontamination-02-200x196.jpg 200w, https:\/\/micropoll.eu\/wp-content\/uploads\/2023\/12\/Decontamination-02-400x392.jpg 400w, https:\/\/micropoll.eu\/wp-content\/uploads\/2023\/12\/Decontamination-02-600x589.jpg 600w, https:\/\/micropoll.eu\/wp-content\/uploads\/2023\/12\/Decontamination-02-800x785.jpg 800w, https:\/\/micropoll.eu\/wp-content\/uploads\/2023\/12\/Decontamination-02.jpg 1170w\" data-sizes=\"auto\" data-orig-sizes=\"(min-width: 2200px) 100vw, (min-width: 864px) 387px, (min-width: 752px) 580px, (min-width: 640px) 752px, \" \/><\/a><\/div><\/div><div style=\"padding:5px;\" class=\"fusion-grid-column fusion-gallery-column fusion-gallery-column-3 hover-type-none\"><div class=\"fusion-gallery-image\"><a href=\"https:\/\/micropoll.eu\/wp-content\/uploads\/2023\/12\/Decontamination-01.jpg\" rel=\"noreferrer\" data-rel=\"iLightbox[gallery_image_1]\" class=\"fusion-lightbox\" target=\"_self\"><img decoding=\"async\" src=\"https:\/\/micropoll.eu\/wp-content\/uploads\/2023\/12\/Decontamination-01.jpg\" data-orig-src=\"https:\/\/micropoll.eu\/wp-content\/uploads\/2023\/12\/Decontamination-01.jpg\" width=\"518\" height=\"518\" alt=\"\" title=\"Decontamination 01\" aria-label=\"Decontamination 01\" class=\"lazyload img-responsive wp-image-1172\" srcset=\"data:image\/svg+xml,%3Csvg%20xmlns%3D%27http%3A%2F%2Fwww.w3.org%2F2000%2Fsvg%27%20width%3D%27518%27%20height%3D%27518%27%20viewBox%3D%270%200%20518%20518%27%3E%3Crect%20width%3D%27518%27%20height%3D%27518%27%20fill-opacity%3D%220%22%2F%3E%3C%2Fsvg%3E\" data-srcset=\"https:\/\/micropoll.eu\/wp-content\/uploads\/2023\/12\/Decontamination-01-200x200.jpg 200w, https:\/\/micropoll.eu\/wp-content\/uploads\/2023\/12\/Decontamination-01-400x400.jpg 400w, https:\/\/micropoll.eu\/wp-content\/uploads\/2023\/12\/Decontamination-01.jpg 518w\" data-sizes=\"auto\" data-orig-sizes=\"(min-width: 2200px) 100vw, (min-width: 864px) 387px, (min-width: 752px) 580px, (min-width: 640px) 752px, \" \/><\/a><\/div><\/div><\/div><\/div><div class=\"fusion-separator fusion-full-width-sep\" style=\"align-self: center;margin-left: auto;margin-right: auto;width:100%;\"><\/div><div class=\"fusion-video fusion-selfhosted-video\" style=\"max-width:100%;\"><div class=\"video-wrapper\"><video playsinline=\"true\" width=\"100%\" style=\"object-fit: cover;\" preload=\"auto\" controls=\"1\"><source src=\"http:\/\/micropoll.eu\/wp-content\/uploads\/2023\/12\/Environmentalne-technologie-a-dekontaminacia.mp4\" type=\"video\/mp4\">Sorry, your browser doesn&#039;t support embedded videos.<\/video><\/div><\/div><\/div><\/div><\/div><\/div>\n","protected":false},"excerpt":{"rendered":"","protected":false},"author":1,"featured_media":0,"parent":0,"menu_order":0,"comment_status":"closed","ping_status":"closed","template":"","meta":{"footnotes":""},"class_list":["post-1462","page","type-page","status-publish","hentry"],"_links":{"self":[{"href":"https:\/\/micropoll.eu\/sk\/wp-json\/wp\/v2\/pages\/1462","targetHints":{"allow":["GET"]}}],"collection":[{"href":"https:\/\/micropoll.eu\/sk\/wp-json\/wp\/v2\/pages"}],"about":[{"href":"https:\/\/micropoll.eu\/sk\/wp-json\/wp\/v2\/types\/page"}],"author":[{"embeddable":true,"href":"https:\/\/micropoll.eu\/sk\/wp-json\/wp\/v2\/users\/1"}],"replies":[{"embeddable":true,"href":"https:\/\/micropoll.eu\/sk\/wp-json\/wp\/v2\/comments?post=1462"}],"version-history":[{"count":3,"href":"https:\/\/micropoll.eu\/sk\/wp-json\/wp\/v2\/pages\/1462\/revisions"}],"predecessor-version":[{"id":1527,"href":"https:\/\/micropoll.eu\/sk\/wp-json\/wp\/v2\/pages\/1462\/revisions\/1527"}],"wp:attachment":[{"href":"https:\/\/micropoll.eu\/sk\/wp-json\/wp\/v2\/media?parent=1462"}],"curies":[{"name":"wp","href":"https:\/\/api.w.org\/{rel}","templated":true}]}}