{"id":1459,"date":"2023-12-31T22:26:59","date_gmt":"2023-12-31T22:26:59","guid":{"rendered":"http:\/\/micropoll.eu\/analyza-mikroplastov\/"},"modified":"2024-01-09T21:53:39","modified_gmt":"2024-01-09T21:53:39","slug":"analyza-mikroplastov","status":"publish","type":"page","link":"https:\/\/micropoll.eu\/sk\/analyza-mikroplastov\/","title":{"rendered":"Anal\u00fdza mikroplastov"},"content":{"rendered":"<div class=\"fusion-fullwidth fullwidth-box fusion-builder-row-1 fusion-flex-container has-pattern-background has-mask-background nonhundred-percent-fullwidth non-hundred-percent-height-scrolling\" style=\"--awb-border-radius-top-left:0px;--awb-border-radius-top-right:0px;--awb-border-radius-bottom-right:0px;--awb-border-radius-bottom-left:0px;--awb-padding-top:20px;--awb-flex-wrap:wrap;\" ><div class=\"fusion-builder-row fusion-row fusion-flex-align-items-flex-start fusion-flex-content-wrap\" style=\"max-width:1216.8px;margin-left: calc(-4% \/ 2 );margin-right: calc(-4% \/ 2 );\"><div class=\"fusion-layout-column fusion_builder_column fusion-builder-column-0 fusion_builder_column_1_1 1_1 fusion-flex-column\" style=\"--awb-bg-size:cover;--awb-width-large:100%;--awb-margin-top-large:0px;--awb-spacing-right-large:1.92%;--awb-margin-bottom-large:0px;--awb-spacing-left-large:1.92%;--awb-width-medium:100%;--awb-order-medium:0;--awb-spacing-right-medium:1.92%;--awb-spacing-left-medium:1.92%;--awb-width-small:100%;--awb-order-small:0;--awb-spacing-right-small:1.92%;--awb-spacing-left-small:1.92%;\"><div class=\"fusion-column-wrapper fusion-column-has-shadow fusion-flex-justify-content-flex-start fusion-content-layout-column\"><div class=\"fusion-video fusion-selfhosted-video\" style=\"max-width:100%;\"><div class=\"video-wrapper\"><video playsinline=\"true\" width=\"100%\" style=\"object-fit: cover;\" preload=\"auto\" controls=\"1\"><source src=\"http:\/\/micropoll.eu\/wp-content\/uploads\/2024\/01\/Mikroplast.mp4\" type=\"video\/mp4\">Sorry, your browser doesn&#039;t support embedded videos.<\/video><\/div><\/div><div class=\"fusion-text fusion-text-1\"><table style=\"height: 498px;\" width=\"323\">\n<tbody>\n<tr>\n<td width=\"184\">Ve\u013ekostn\u00fd interval s najvy\u0161\u0161ou spo\u013eahlivos\u0165ou &#8211; viac ako 20 mikrometrov<\/td>\n<td width=\"64\"><\/td>\n<\/tr>\n<tr>\n<td><\/td>\n<td><\/td>\n<\/tr>\n<tr>\n<td>Polypropyl\u00e9n<\/td>\n<td>PP<\/td>\n<\/tr>\n<tr>\n<td>Polyetyl\u00e9n<\/td>\n<td>PE<\/td>\n<\/tr>\n<tr>\n<td>Polystyr\u00e9n<\/td>\n<td>PS<\/td>\n<\/tr>\n<tr>\n<td>Polyvinylchlorid<\/td>\n<td>PVC<\/td>\n<\/tr>\n<tr>\n<td>Polyetyl\u00e9ntereftal\u00e1t<\/td>\n<td>PET<\/td>\n<\/tr>\n<tr>\n<td>Guma<\/td>\n<td>Guma<\/td>\n<\/tr>\n<tr>\n<td>Kyselina polymlie\u010dna<\/td>\n<td>PLA<\/td>\n<\/tr>\n<tr>\n<td>Polyamid<\/td>\n<td>PA<\/td>\n<\/tr>\n<tr>\n<td>Polykarbon\u00e1t<\/td>\n<td>PC<\/td>\n<\/tr>\n<tr>\n<td>Polytetraflu\u00f3retyl\u00e9n<\/td>\n<td>PTFE &#8211; Tefl\u00f3n<\/td>\n<\/tr>\n<\/tbody>\n<\/table>\n<\/div><\/div><\/div><\/div><\/div>\n","protected":false},"excerpt":{"rendered":"","protected":false},"author":1,"featured_media":0,"parent":0,"menu_order":0,"comment_status":"closed","ping_status":"closed","template":"","meta":{"footnotes":""},"class_list":["post-1459","page","type-page","status-publish","hentry"],"_links":{"self":[{"href":"https:\/\/micropoll.eu\/sk\/wp-json\/wp\/v2\/pages\/1459","targetHints":{"allow":["GET"]}}],"collection":[{"href":"https:\/\/micropoll.eu\/sk\/wp-json\/wp\/v2\/pages"}],"about":[{"href":"https:\/\/micropoll.eu\/sk\/wp-json\/wp\/v2\/types\/page"}],"author":[{"embeddable":true,"href":"https:\/\/micropoll.eu\/sk\/wp-json\/wp\/v2\/users\/1"}],"replies":[{"embeddable":true,"href":"https:\/\/micropoll.eu\/sk\/wp-json\/wp\/v2\/comments?post=1459"}],"version-history":[{"count":2,"href":"https:\/\/micropoll.eu\/sk\/wp-json\/wp\/v2\/pages\/1459\/revisions"}],"predecessor-version":[{"id":1461,"href":"https:\/\/micropoll.eu\/sk\/wp-json\/wp\/v2\/pages\/1459\/revisions\/1461"}],"wp:attachment":[{"href":"https:\/\/micropoll.eu\/sk\/wp-json\/wp\/v2\/media?parent=1459"}],"curies":[{"name":"wp","href":"https:\/\/api.w.org\/{rel}","templated":true}]}}